{"id":77225,"date":"2024-09-23T15:44:56","date_gmt":"2024-09-23T13:44:56","guid":{"rendered":"https:\/\/www.nordik.house\/ota-yhteytta\/"},"modified":"2025-08-29T15:55:36","modified_gmt":"2025-08-29T13:55:36","slug":"contacts","status":"publish","type":"page","link":"https:\/\/www.nordik.house\/fi\/contacts\/","title":{"rendered":"Ota yhteytt\u00e4"},"content":{"rendered":"\t\t<div data-elementor-type=\"wp-page\" data-elementor-id=\"77225\" class=\"elementor elementor-77225 elementor-76421\">\n\t\t\t\t\t\t<section class=\"elementor-section elementor-top-section elementor-element elementor-element-5084337 elementor-section-full_width elementor-section-height-full elementor-section-items-stretch elementor-section-stretched elementor-section-height-default\" data-id=\"5084337\" data-element_type=\"section\" data-settings=\"{&quot;stretch_section&quot;:&quot;section-stretched&quot;}\">\n\t\t\t\t\t\t<div class=\"elementor-container elementor-column-gap-no\">\n\t\t\t\t\t<div class=\" elementor-column elementor-col-100 elementor-top-column elementor-element elementor-element-bfb331a\" data-fullscreen-column-settings=\"{&quot;fullscreen&quot;:&quot;&quot;}\" data-id=\"bfb331a\" data-element_type=\"column\">\n\t\t\t<div class=\"elementor-widget-wrap elementor-element-populated\">\n\t\t\t\t\t\t<div class=\"elementor-element elementor-element-7a84eb2 elementor-absolute elementor-invisible elementor-widget elementor-widget-image\" data-id=\"7a84eb2\" data-element_type=\"widget\" data-settings=\"{&quot;_position&quot;:&quot;absolute&quot;,&quot;_animation&quot;:&quot;slideInDown&quot;}\" data-widget_type=\"image.default\">\n\t\t\t\t<div class=\"elementor-widget-container\">\n\t\t\t\t\t\t\t\t\t\t\t\t\t\t\t<img fetchpriority=\"high\" decoding=\"async\" width=\"292\" height=\"300\" src=\"https:\/\/www.nordik.house\/wp-content\/uploads\/2024\/08\/1-Nordic-House-variant-logo-2-negative-292x300.png\" class=\"attachment-medium size-medium wp-image-77107\" alt=\"Nordic-House-variant-logo-2-negative\" srcset=\"https:\/\/www.nordik.house\/wp-content\/uploads\/2024\/08\/1-Nordic-House-variant-logo-2-negative-292x300.png 292w, https:\/\/www.nordik.house\/wp-content\/uploads\/2024\/08\/1-Nordic-House-variant-logo-2-negative-996x1024.png 996w, https:\/\/www.nordik.house\/wp-content\/uploads\/2024\/08\/1-Nordic-House-variant-logo-2-negative-768x789.png 768w, https:\/\/www.nordik.house\/wp-content\/uploads\/2024\/08\/1-Nordic-House-variant-logo-2-negative-1495x1536.png 1495w, https:\/\/www.nordik.house\/wp-content\/uploads\/2024\/08\/1-Nordic-House-variant-logo-2-negative-200x206.png 200w, https:\/\/www.nordik.house\/wp-content\/uploads\/2024\/08\/1-Nordic-House-variant-logo-2-negative-1568x1611.png 1568w, https:\/\/www.nordik.house\/wp-content\/uploads\/2024\/08\/1-Nordic-House-variant-logo-2-negative-300x308.png 300w, https:\/\/www.nordik.house\/wp-content\/uploads\/2024\/08\/1-Nordic-House-variant-logo-2-negative-600x617.png 600w, https:\/\/www.nordik.house\/wp-content\/uploads\/2024\/08\/1-Nordic-House-variant-logo-2-negative.png 1739w\" sizes=\"(max-width: 292px) 100vw, 292px\" \/>\t\t\t\t\t\t\t\t\t\t\t\t\t\t\t<\/div>\n\t\t\t\t<\/div>\n\t\t\t\t<div class=\"elementor-element elementor-element-5206432 elementor-pagination-position-outside elementor-widget elementor-widget-litho-slider\" data-id=\"5206432\" data-element_type=\"widget\" data-settings=\"{&quot;litho_carousel_slide_styles&quot;:&quot;slider-style-4&quot;}\" data-widget_type=\"litho-slider.default\">\n\t\t\t\t<div class=\"elementor-widget-container\">\n\t\t\t\t\t\t\t\t<div class=\"slider-vertical elementor-image-carousel-wrapper swiper swiper-container-initialized full-screen-slide slider-style-4 \" data-settings=\"{&quot;navigation&quot;:&quot;dots&quot;,&quot;autoplay&quot;:&quot;&quot;,&quot;autoplay_speed&quot;:2500,&quot;pause_on_hover&quot;:&quot;&quot;,&quot;loop&quot;:&quot;&quot;,&quot;effect&quot;:&quot;fade&quot;,&quot;speed&quot;:500,&quot;mousewheel&quot;:&quot;&quot;,&quot;slide-total&quot;:1,&quot;direction&quot;:&quot;vertical&quot;,&quot;litho_direction_mobile&quot;:&quot;&quot;}\">\n\t\t\t\t<div class=\"elementor-image-carousel swiper-wrapper\">\n\t\t\t\t\t\t\t\t\t\t\t<div class=\"elementor-repeater-item-2e6c96e swiper-slide cover-background\">\n\t\t\t\t\t\t\t<div class=\"bg-overlay\"><\/div>\n\t\t\t\t\t\t\t<div class=\"slider-text-middle-main\">\n\t\t\t\t\t\t\t\t\t\t\t\t\t\t\t\t<div class=\"slide-title-wrapper\">\n\t\t\t\t\t\t\t\t\t\t\t\t\t\t\t\t\t\t<span class=\"subtitle\">Tapaa Nordik.house<\/span>\n\t\t\t\t\t\t\t\t\t\t\t\t\t\t\t\t\t<\/div>\n\t\t\t\t\t\t\t\t\t\t\t\t\t\t\t<\/div>\n\t\t\t\t\t\t<\/div>\n\t\t\t\t\t\t\t\t\t\t<\/div>\n\t\t\t\t\t\t\t\t\t\t\t<\/div>\n\t\t\t\t\t\t\t<\/div>\n\t\t\t\t<\/div>\n\t\t\t\t\t<\/div>\n\t\t<\/div>\n\t\t\t\t\t<\/div>\n\t\t<\/section>\n\t\t\t\t<section class=\"elementor-section elementor-top-section elementor-element elementor-element-d9a6f23 elementor-section-boxed elementor-section-height-default elementor-section-height-default\" data-id=\"d9a6f23\" data-element_type=\"section\">\n\t\t\t\t\t\t<div class=\"elementor-container elementor-column-gap-default\">\n\t\t\t\t\t<div class=\" elementor-column elementor-col-100 elementor-top-column elementor-element elementor-element-5f6e488\" data-fullscreen-column-settings=\"{&quot;fullscreen&quot;:&quot;&quot;}\" data-id=\"5f6e488\" data-element_type=\"column\">\n\t\t\t<div class=\"elementor-widget-wrap elementor-element-populated\">\n\t\t\t\t\t\t<div class=\"elementor-element elementor-element-e63288e elementor-widget elementor-widget-spacer\" data-id=\"e63288e\" data-element_type=\"widget\" data-widget_type=\"spacer.default\">\n\t\t\t\t<div class=\"elementor-widget-container\">\n\t\t\t\t\t\t\t<div class=\"elementor-spacer\">\n\t\t\t<div class=\"elementor-spacer-inner\"><\/div>\n\t\t<\/div>\n\t\t\t\t\t\t<\/div>\n\t\t\t\t<\/div>\n\t\t\t\t<div class=\"elementor-element elementor-element-7391a73 elementor-view-default elementor-widget elementor-widget-icon\" data-id=\"7391a73\" data-element_type=\"widget\" data-widget_type=\"icon.default\">\n\t\t\t\t<div class=\"elementor-widget-container\">\n\t\t\t\t\t\t\t<div class=\"elementor-icon-wrapper\">\n\t\t\t<div class=\"elementor-icon\">\n\t\t\t<i aria-hidden=\"true\" class=\" icon-feather-mail\"><\/i>\t\t\t<\/div>\n\t\t<\/div>\n\t\t\t\t\t\t<\/div>\n\t\t\t\t<\/div>\n\t\t\t\t<div class=\"elementor-element elementor-element-d324442 elementor-widget elementor-widget-text-editor\" data-id=\"d324442\" data-element_type=\"widget\" data-widget_type=\"text-editor.default\">\n\t\t\t\t<div class=\"elementor-widget-container\">\n\t\t\t\t\t\t\t\t\t<p><a href=\"mailto:hello@nordik.house\"><strong>hello@nordik.house<\/strong><\/a><\/p>\t\t\t\t\t\t\t\t<\/div>\n\t\t\t\t<\/div>\n\t\t\t\t\t<\/div>\n\t\t<\/div>\n\t\t\t\t\t<\/div>\n\t\t<\/section>\n\t\t\t\t<section class=\"elementor-section elementor-top-section elementor-element elementor-element-061c439 elementor-section-boxed elementor-section-height-default elementor-section-height-default\" data-id=\"061c439\" data-element_type=\"section\">\n\t\t\t\t\t\t<div class=\"elementor-container elementor-column-gap-default\">\n\t\t\t\t\t<div class=\" elementor-column elementor-col-100 elementor-top-column elementor-element elementor-element-563ba80\" data-fullscreen-column-settings=\"{&quot;fullscreen&quot;:&quot;&quot;}\" data-id=\"563ba80\" data-element_type=\"column\">\n\t\t\t<div class=\"elementor-widget-wrap elementor-element-populated\">\n\t\t\t\t\t\t<div class=\"elementor-element elementor-element-cbda21b elementor-widget elementor-widget-spacer\" data-id=\"cbda21b\" data-element_type=\"widget\" data-widget_type=\"spacer.default\">\n\t\t\t\t<div class=\"elementor-widget-container\">\n\t\t\t\t\t\t\t<div class=\"elementor-spacer\">\n\t\t\t<div class=\"elementor-spacer-inner\"><\/div>\n\t\t<\/div>\n\t\t\t\t\t\t<\/div>\n\t\t\t\t<\/div>\n\t\t\t\t\t<\/div>\n\t\t<\/div>\n\t\t\t\t\t<\/div>\n\t\t<\/section>\n\t\t\t\t<section class=\"elementor-section elementor-top-section elementor-element elementor-element-7de36c2 elementor-section-boxed elementor-section-height-default elementor-section-height-default\" data-id=\"7de36c2\" data-element_type=\"section\" data-settings=\"{&quot;background_background&quot;:&quot;classic&quot;}\">\n\t\t\t\t\t\t<div class=\"elementor-container elementor-column-gap-default\">\n\t\t\t\t\t<div class=\" elementor-column elementor-col-100 elementor-top-column elementor-element elementor-element-721d011\" data-fullscreen-column-settings=\"{&quot;fullscreen&quot;:&quot;&quot;}\" data-id=\"721d011\" data-element_type=\"column\" data-settings=\"{&quot;background_background&quot;:&quot;classic&quot;}\">\n\t\t\t<div class=\"elementor-widget-wrap elementor-element-populated\">\n\t\t\t\t\t\t<div class=\"elementor-element elementor-element-aace61f elementor-widget elementor-widget-litho-contact-form\" data-id=\"aace61f\" data-element_type=\"widget\" data-widget_type=\"litho-contact-form.default\">\n\t\t\t\t<div class=\"elementor-widget-container\">\n\t\t\t\t\t\t\t\t<div class=\"contact-form-wrapper\">\n\t\t\t\t\n<div class=\"wpcf7 no-js\" id=\"wpcf7-f78246-o1\" lang=\"fi\" dir=\"ltr\" data-wpcf7-id=\"78246\">\n<div class=\"screen-reader-response\"><p role=\"status\" aria-live=\"polite\" aria-atomic=\"true\"><\/p> <ul><\/ul><\/div>\n<form action=\"\/fi\/wp-json\/wp\/v2\/pages\/77225#wpcf7-f78246-o1\" method=\"post\" class=\"wpcf7-form init\" aria-label=\"Yhteydenottolomake\" novalidate=\"novalidate\" data-status=\"init\">\n<fieldset class=\"hidden-fields-container\"><input type=\"hidden\" name=\"_wpcf7\" value=\"78246\" \/><input type=\"hidden\" name=\"_wpcf7_version\" value=\"6.1.3\" \/><input type=\"hidden\" name=\"_wpcf7_locale\" value=\"fi\" \/><input type=\"hidden\" name=\"_wpcf7_unit_tag\" value=\"wpcf7-f78246-o1\" \/><input type=\"hidden\" name=\"_wpcf7_container_post\" value=\"0\" \/><input type=\"hidden\" name=\"_wpcf7_posted_data_hash\" value=\"\" \/><input type=\"hidden\" name=\"_wpcf7_recaptcha_response\" value=\"\" \/>\n<\/fieldset>\n<div class=\"row row-cols-1 row-cols-md-2\">\n\t<div class=\"col\">\n\t\t<p><span class=\"wpcf7-form-control-wrap\" data-name=\"your-name\"><input size=\"40\" maxlength=\"400\" class=\"wpcf7-form-control wpcf7-text wpcf7-validates-as-required\" aria-required=\"true\" aria-invalid=\"false\" placeholder=\"Nimesi*\" value=\"\" type=\"text\" name=\"your-name\" \/><\/span><span class=\"wpcf7-form-control-wrap\" data-name=\"your-email-address\"><input size=\"40\" maxlength=\"400\" class=\"wpcf7-form-control wpcf7-email wpcf7-validates-as-required wpcf7-text wpcf7-validates-as-email\" aria-required=\"true\" aria-invalid=\"false\" placeholder=\"S\u00e4hk\u00f6postiosoitteesi*\" value=\"\" type=\"email\" name=\"your-email-address\" \/><\/span><span class=\"wpcf7-form-control-wrap\" data-name=\"your-mobile\"><input size=\"40\" maxlength=\"400\" class=\"wpcf7-form-control wpcf7-text\" aria-invalid=\"false\" placeholder=\"Matkapuhelimesi\" value=\"\" type=\"text\" name=\"your-mobile\" \/><\/span>\n\t\t<\/p>\n\t<\/div>\n\t<div class=\"col\">\n\t\t<p><span class=\"wpcf7-form-control-wrap\" data-name=\"your-message\"><textarea cols=\"40\" rows=\"10\" maxlength=\"2000\" class=\"wpcf7-form-control wpcf7-textarea\" aria-invalid=\"false\" placeholder=\"Viestisi\" name=\"your-message\"><\/textarea><\/span>\n\t\t<\/p>\n\t<\/div>\n\t<div class=\"col\">\n\t\t<p><span class=\"contact-form-text\"><span class=\"wpcf7-form-control-wrap\" data-name=\"your-consent\"><span class=\"wpcf7-form-control wpcf7-acceptance\"><span class=\"wpcf7-list-item\"><label><input type=\"checkbox\" name=\"your-consent\" value=\"1\" aria-invalid=\"false\" \/><span class=\"wpcf7-list-item-label\">Hyv\u00e4ksyn ehdot ja ymm\u00e4rr\u00e4n, ett\u00e4 tietojani s\u00e4ilytet\u00e4\u00e4n turvallisesti <a href=\"\/privacy-policy\/\">tietosuojak\u00e4yt\u00e4nn\u00f6n<\/a> mukaisesti.<\/span><\/label><\/span><\/span><\/span><\/span>\n\t\t<\/p>\n\t<\/div>\n\t<div class=\"col litho-button-wrapper contact-simple\">\n\t\t<div>\n\t\t\t<p><input class=\"wpcf7-form-control wpcf7-submit has-spinner elementor-button\" type=\"submit\" value=\"L\u00e4het\u00e4 viesti\" \/>\n\t\t\t<\/p>\n\t\t<\/div>\n\t<\/div>\n<\/div><div class=\"wpcf7-response-output\" aria-hidden=\"true\"><\/div>\n<\/form>\n<\/div>\n\t\t\t<\/div>\n\t\t\t\t\t\t\t<\/div>\n\t\t\t\t<\/div>\n\t\t\t\t\t<\/div>\n\t\t<\/div>\n\t\t\t\t\t<\/div>\n\t\t<\/section>\n\t\t\t\t<\/div>\n\t\t","protected":false},"excerpt":{"rendered":"<p>Tapaa Nordik.house hello@nordik.house I accept the terms &#038; conditions and I understand that my data will be hold securely in accordance with the privacy policy.<\/p>\n","protected":false},"author":1,"featured_media":0,"parent":0,"menu_order":255,"comment_status":"closed","ping_status":"closed","template":"","meta":{"_monsterinsights_skip_tracking":false,"_monsterinsights_sitenote_active":false,"_monsterinsights_sitenote_note":"","_monsterinsights_sitenote_category":0,"_price":"","_stock":"","_tribe_ticket_header":"","_tribe_default_ticket_provider":"","_tribe_ticket_capacity":"0","_ticket_start_date":"","_ticket_end_date":"","_tribe_ticket_show_description":"","_tribe_ticket_show_not_going":false,"_tribe_ticket_use_global_stock":"","_tribe_ticket_global_stock_level":"","_global_stock_mode":"","_global_stock_cap":"","_tribe_rsvp_for_event":"","_tribe_ticket_going_count":"","_tribe_ticket_not_going_count":"","_tribe_tickets_list":"[]","_tribe_ticket_has_attendee_info_fields":false,"footnotes":"","_tec_slr_enabled":"","_tec_slr_layout":""},"class_list":["post-77225","page","type-page","status-publish","hentry"],"yoast_head":"<!-- This site is optimized with the Yoast SEO plugin v26.3 - https:\/\/yoast.com\/wordpress\/plugins\/seo\/ -->\n<title>Ota yhteytt\u00e4 - Nordik.house<\/title>\n<meta name=\"description\" content=\"NORDIK.HOUSE \/ Food, Lifestyle, Travel \/ Nordic POP-UP Store Milano\" \/>\n<meta name=\"robots\" content=\"index, follow, max-snippet:-1, max-image-preview:large, max-video-preview:-1\" \/>\n<link rel=\"canonical\" href=\"https:\/\/www.nordik.house\/fi\/contacts\/\" \/>\n<meta property=\"og:locale\" content=\"fi_FI\" \/>\n<meta property=\"og:type\" content=\"article\" \/>\n<meta property=\"og:title\" content=\"Ota yhteytt\u00e4 - Nordik.house\" \/>\n<meta property=\"og:description\" content=\"NORDIK.HOUSE \/ Food, Lifestyle, Travel \/ Nordic POP-UP Store Milano\" \/>\n<meta property=\"og:url\" content=\"https:\/\/www.nordik.house\/fi\/contacts\/\" \/>\n<meta property=\"og:site_name\" content=\"Nordik.house\" \/>\n<meta property=\"article:modified_time\" content=\"2025-08-29T13:55:36+00:00\" \/>\n<meta property=\"og:image\" content=\"https:\/\/www.nordik.house\/wp-content\/uploads\/2024\/08\/1-Nordic-House-variant-logo-2-negative.png\" \/>\n\t<meta property=\"og:image:width\" content=\"1739\" \/>\n\t<meta property=\"og:image:height\" content=\"1787\" \/>\n\t<meta property=\"og:image:type\" content=\"image\/png\" \/>\n<meta name=\"twitter:card\" content=\"summary_large_image\" \/>\n<script type=\"application\/ld+json\" class=\"yoast-schema-graph\">{\"@context\":\"https:\/\/schema.org\",\"@graph\":[{\"@type\":\"WebPage\",\"@id\":\"https:\/\/www.nordik.house\/fi\/contacts\/\",\"url\":\"https:\/\/www.nordik.house\/fi\/contacts\/\",\"name\":\"Ota yhteytt\u00e4 - Nordik.house\",\"isPartOf\":{\"@id\":\"https:\/\/www.nordik.house\/fi\/#website\"},\"primaryImageOfPage\":{\"@id\":\"https:\/\/www.nordik.house\/fi\/contacts\/#primaryimage\"},\"image\":{\"@id\":\"https:\/\/www.nordik.house\/fi\/contacts\/#primaryimage\"},\"thumbnailUrl\":\"http:\/\/www.nordik.house\/wp-content\/uploads\/2024\/08\/1-Nordic-House-variant-logo-2-negative-292x300.png\",\"datePublished\":\"2024-09-23T13:44:56+00:00\",\"dateModified\":\"2025-08-29T13:55:36+00:00\",\"description\":\"NORDIK.HOUSE \/ Food, Lifestyle, Travel \/ Nordic POP-UP Store Milano\",\"breadcrumb\":{\"@id\":\"https:\/\/www.nordik.house\/fi\/contacts\/#breadcrumb\"},\"inLanguage\":\"fi\",\"potentialAction\":[{\"@type\":\"ReadAction\",\"target\":[\"https:\/\/www.nordik.house\/fi\/contacts\/\"]}]},{\"@type\":\"ImageObject\",\"inLanguage\":\"fi\",\"@id\":\"https:\/\/www.nordik.house\/fi\/contacts\/#primaryimage\",\"url\":\"http:\/\/www.nordik.house\/wp-content\/uploads\/2024\/08\/1-Nordic-House-variant-logo-2-negative-292x300.png\",\"contentUrl\":\"http:\/\/www.nordik.house\/wp-content\/uploads\/2024\/08\/1-Nordic-House-variant-logo-2-negative-292x300.png\"},{\"@type\":\"BreadcrumbList\",\"@id\":\"https:\/\/www.nordik.house\/fi\/contacts\/#breadcrumb\",\"itemListElement\":[{\"@type\":\"ListItem\",\"position\":1,\"name\":\"Home\",\"item\":\"https:\/\/www.nordik.house\/fi\/\"},{\"@type\":\"ListItem\",\"position\":2,\"name\":\"Ota yhteytt\u00e4\"}]},{\"@type\":\"WebSite\",\"@id\":\"https:\/\/www.nordik.house\/fi\/#website\",\"url\":\"https:\/\/www.nordik.house\/fi\/\",\"name\":\"Nordik.house\",\"description\":\"NORDIK.HOUSE \/ Food, Lifestyle, Travel \/ Nordic POP-UP Store Milano\",\"publisher\":{\"@id\":\"https:\/\/www.nordik.house\/fi\/#organization\"},\"alternateName\":\"NORDIK.HOUSE \/ Food, Lifestyle, Travel \/ Nordic POP-UP Store Milano\",\"potentialAction\":[{\"@type\":\"SearchAction\",\"target\":{\"@type\":\"EntryPoint\",\"urlTemplate\":\"https:\/\/www.nordik.house\/fi\/?s={search_term_string}\"},\"query-input\":{\"@type\":\"PropertyValueSpecification\",\"valueRequired\":true,\"valueName\":\"search_term_string\"}}],\"inLanguage\":\"fi\"},{\"@type\":\"Organization\",\"@id\":\"https:\/\/www.nordik.house\/fi\/#organization\",\"name\":\"NORDIK.HOUSE\",\"alternateName\":\"NORDIK.HOUSE \/ Food, Lifestyle, Travel \/ Nordic POP-UP Store Milano\",\"url\":\"https:\/\/www.nordik.house\/fi\/\",\"logo\":{\"@type\":\"ImageObject\",\"inLanguage\":\"fi\",\"@id\":\"https:\/\/www.nordik.house\/fi\/#\/schema\/logo\/image\/\",\"url\":\"https:\/\/www.nordik.house\/wp-content\/uploads\/2024\/08\/Nordic-House-variant-logo-2-color.png\",\"contentUrl\":\"https:\/\/www.nordik.house\/wp-content\/uploads\/2024\/08\/Nordic-House-variant-logo-2-color.png\",\"width\":1739,\"height\":1786,\"caption\":\"NORDIK.HOUSE\"},\"image\":{\"@id\":\"https:\/\/www.nordik.house\/fi\/#\/schema\/logo\/image\/\"}}]}<\/script>\n<!-- \/ Yoast SEO plugin. -->","yoast_head_json":{"title":"Ota yhteytt\u00e4 - Nordik.house","description":"NORDIK.HOUSE \/ Food, Lifestyle, Travel \/ Nordic POP-UP Store Milano","robots":{"index":"index","follow":"follow","max-snippet":"max-snippet:-1","max-image-preview":"max-image-preview:large","max-video-preview":"max-video-preview:-1"},"canonical":"https:\/\/www.nordik.house\/fi\/contacts\/","og_locale":"fi_FI","og_type":"article","og_title":"Ota yhteytt\u00e4 - Nordik.house","og_description":"NORDIK.HOUSE \/ Food, Lifestyle, Travel \/ Nordic POP-UP Store Milano","og_url":"https:\/\/www.nordik.house\/fi\/contacts\/","og_site_name":"Nordik.house","article_modified_time":"2025-08-29T13:55:36+00:00","og_image":[{"width":1739,"height":1787,"url":"https:\/\/www.nordik.house\/wp-content\/uploads\/2024\/08\/1-Nordic-House-variant-logo-2-negative.png","type":"image\/png"}],"twitter_card":"summary_large_image","schema":{"@context":"https:\/\/schema.org","@graph":[{"@type":"WebPage","@id":"https:\/\/www.nordik.house\/fi\/contacts\/","url":"https:\/\/www.nordik.house\/fi\/contacts\/","name":"Ota yhteytt\u00e4 - Nordik.house","isPartOf":{"@id":"https:\/\/www.nordik.house\/fi\/#website"},"primaryImageOfPage":{"@id":"https:\/\/www.nordik.house\/fi\/contacts\/#primaryimage"},"image":{"@id":"https:\/\/www.nordik.house\/fi\/contacts\/#primaryimage"},"thumbnailUrl":"http:\/\/www.nordik.house\/wp-content\/uploads\/2024\/08\/1-Nordic-House-variant-logo-2-negative-292x300.png","datePublished":"2024-09-23T13:44:56+00:00","dateModified":"2025-08-29T13:55:36+00:00","description":"NORDIK.HOUSE \/ Food, Lifestyle, Travel \/ Nordic POP-UP Store Milano","breadcrumb":{"@id":"https:\/\/www.nordik.house\/fi\/contacts\/#breadcrumb"},"inLanguage":"fi","potentialAction":[{"@type":"ReadAction","target":["https:\/\/www.nordik.house\/fi\/contacts\/"]}]},{"@type":"ImageObject","inLanguage":"fi","@id":"https:\/\/www.nordik.house\/fi\/contacts\/#primaryimage","url":"http:\/\/www.nordik.house\/wp-content\/uploads\/2024\/08\/1-Nordic-House-variant-logo-2-negative-292x300.png","contentUrl":"http:\/\/www.nordik.house\/wp-content\/uploads\/2024\/08\/1-Nordic-House-variant-logo-2-negative-292x300.png"},{"@type":"BreadcrumbList","@id":"https:\/\/www.nordik.house\/fi\/contacts\/#breadcrumb","itemListElement":[{"@type":"ListItem","position":1,"name":"Home","item":"https:\/\/www.nordik.house\/fi\/"},{"@type":"ListItem","position":2,"name":"Ota yhteytt\u00e4"}]},{"@type":"WebSite","@id":"https:\/\/www.nordik.house\/fi\/#website","url":"https:\/\/www.nordik.house\/fi\/","name":"Nordik.house","description":"NORDIK.HOUSE \/ Food, Lifestyle, Travel \/ Nordic POP-UP Store Milano","publisher":{"@id":"https:\/\/www.nordik.house\/fi\/#organization"},"alternateName":"NORDIK.HOUSE \/ Food, Lifestyle, Travel \/ Nordic POP-UP Store Milano","potentialAction":[{"@type":"SearchAction","target":{"@type":"EntryPoint","urlTemplate":"https:\/\/www.nordik.house\/fi\/?s={search_term_string}"},"query-input":{"@type":"PropertyValueSpecification","valueRequired":true,"valueName":"search_term_string"}}],"inLanguage":"fi"},{"@type":"Organization","@id":"https:\/\/www.nordik.house\/fi\/#organization","name":"NORDIK.HOUSE","alternateName":"NORDIK.HOUSE \/ Food, Lifestyle, Travel \/ Nordic POP-UP Store Milano","url":"https:\/\/www.nordik.house\/fi\/","logo":{"@type":"ImageObject","inLanguage":"fi","@id":"https:\/\/www.nordik.house\/fi\/#\/schema\/logo\/image\/","url":"https:\/\/www.nordik.house\/wp-content\/uploads\/2024\/08\/Nordic-House-variant-logo-2-color.png","contentUrl":"https:\/\/www.nordik.house\/wp-content\/uploads\/2024\/08\/Nordic-House-variant-logo-2-color.png","width":1739,"height":1786,"caption":"NORDIK.HOUSE"},"image":{"@id":"https:\/\/www.nordik.house\/fi\/#\/schema\/logo\/image\/"}}]}},"ticketed":false,"_links":{"self":[{"href":"https:\/\/www.nordik.house\/fi\/wp-json\/wp\/v2\/pages\/77225","targetHints":{"allow":["GET"]}}],"collection":[{"href":"https:\/\/www.nordik.house\/fi\/wp-json\/wp\/v2\/pages"}],"about":[{"href":"https:\/\/www.nordik.house\/fi\/wp-json\/wp\/v2\/types\/page"}],"author":[{"embeddable":true,"href":"https:\/\/www.nordik.house\/fi\/wp-json\/wp\/v2\/users\/1"}],"replies":[{"embeddable":true,"href":"https:\/\/www.nordik.house\/fi\/wp-json\/wp\/v2\/comments?post=77225"}],"version-history":[{"count":5,"href":"https:\/\/www.nordik.house\/fi\/wp-json\/wp\/v2\/pages\/77225\/revisions"}],"predecessor-version":[{"id":80891,"href":"https:\/\/www.nordik.house\/fi\/wp-json\/wp\/v2\/pages\/77225\/revisions\/80891"}],"wp:attachment":[{"href":"https:\/\/www.nordik.house\/fi\/wp-json\/wp\/v2\/media?parent=77225"}],"curies":[{"name":"wp","href":"https:\/\/api.w.org\/{rel}","templated":true}]}}